{"id":161,"date":"2018-06-19T13:34:23","date_gmt":"2018-06-19T13:34:23","guid":{"rendered":"https:\/\/tecnosystemec.com\/?product=diabetic-cookies"},"modified":"2023-11-19T20:51:06","modified_gmt":"2023-11-19T20:51:06","slug":"diabetic-cookies","status":"publish","type":"product","link":"https:\/\/tecnosystemec.com\/?product=diabetic-cookies","title":{"rendered":"Disco Solido WD 240GB GREEN"},"content":{"rendered":"<p><strong>SATA\u00a0SSD 2,5\u00a0pulgadas\/7\u00a0mm con carcasa<\/strong><\/p>\n<p><strong>Rendimiento mejorado para la inform\u00e1tica diaria<\/strong><\/p>\n<p><strong>Confiabilidad de estado s\u00f3lido<\/strong><\/p>\n<p><strong>Menor consumo de energ\u00eda. M\u00e1s diversi\u00f3n.<\/strong><\/p>\n<p><strong>Una actualizaci\u00f3n sencilla para su PC<\/strong><\/p>\n","protected":false},"excerpt":{"rendered":"<p><strong>SATA\u00a0SSD 2,5\u00a0pulgadas\/7\u00a0mm con carcasa<\/strong><\/p>\n<p><strong>Rendimiento mejorado para la inform\u00e1tica diaria<\/strong><\/p>\n<p><strong>Confiabilidad de estado s\u00f3lido<\/strong><\/p>\n<p><strong>Menor consumo de energ\u00eda. M\u00e1s diversi\u00f3n.<\/strong><\/p>\n<p><strong>Una actualizaci\u00f3n sencilla para su PC<\/strong><\/p>\n<p><strong>Panel de control WD\u00a0SSD y software Acronis descargables<\/strong><\/p>\n<p><strong>Garant\u00eda limitada de 1 a\u00f1o<\/strong><\/p>\n","protected":false},"featured_media":5598,"comment_status":"open","ping_status":"closed","template":"","meta":{"site-sidebar-layout":"default","site-content-layout":"default","ast-global-header-display":"","ast-main-header-display":"","ast-hfb-above-header-display":"","ast-hfb-below-header-display":"","ast-hfb-mobile-header-display":"","site-post-title":"","ast-breadcrumbs-content":"","ast-featured-img":"","footer-sml-layout":"","theme-transparent-header-meta":"default","adv-header-id-meta":"","stick-header-meta":"","header-above-stick-meta":"","header-main-stick-meta":"","header-below-stick-meta":""},"product_cat":[37],"product_tag":[],"class_list":{"0":"post-161","1":"product","2":"type-product","3":"status-publish","4":"has-post-thumbnail","6":"product_cat-ssd-mouse","7":"desktop-align-center","8":"tablet-align-center","9":"mobile-align-center","11":"first","12":"instock","13":"shipping-taxable","14":"purchasable","15":"product-type-simple"},"aioseo_notices":[],"_links":{"self":[{"href":"https:\/\/tecnosystemec.com\/index.php?rest_route=\/wp\/v2\/product\/161"}],"collection":[{"href":"https:\/\/tecnosystemec.com\/index.php?rest_route=\/wp\/v2\/product"}],"about":[{"href":"https:\/\/tecnosystemec.com\/index.php?rest_route=\/wp\/v2\/types\/product"}],"replies":[{"embeddable":true,"href":"https:\/\/tecnosystemec.com\/index.php?rest_route=%2Fwp%2Fv2%2Fcomments&post=161"}],"version-history":[{"count":2,"href":"https:\/\/tecnosystemec.com\/index.php?rest_route=\/wp\/v2\/product\/161\/revisions"}],"predecessor-version":[{"id":5600,"href":"https:\/\/tecnosystemec.com\/index.php?rest_route=\/wp\/v2\/product\/161\/revisions\/5600"}],"wp:featuredmedia":[{"embeddable":true,"href":"https:\/\/tecnosystemec.com\/index.php?rest_route=\/wp\/v2\/media\/5598"}],"wp:attachment":[{"href":"https:\/\/tecnosystemec.com\/index.php?rest_route=%2Fwp%2Fv2%2Fmedia&parent=161"}],"wp:term":[{"taxonomy":"product_cat","embeddable":true,"href":"https:\/\/tecnosystemec.com\/index.php?rest_route=%2Fwp%2Fv2%2Fproduct_cat&post=161"},{"taxonomy":"product_tag","embeddable":true,"href":"https:\/\/tecnosystemec.com\/index.php?rest_route=%2Fwp%2Fv2%2Fproduct_tag&post=161"}],"curies":[{"name":"wp","href":"https:\/\/api.w.org\/{rel}","templated":true}]}}