{"id":242,"date":"2018-06-20T07:16:12","date_gmt":"2018-06-20T07:16:12","guid":{"rendered":"https:\/\/tecnosystemec.com\/?product=fresh-orange-juice"},"modified":"2023-04-25T22:18:47","modified_gmt":"2023-04-25T22:18:47","slug":"fresh-orange-juice","status":"publish","type":"product","link":"https:\/\/tecnosystemec.com\/?product=fresh-orange-juice","title":{"rendered":"Repetidor TP-LINK TL-WA855RE"},"content":{"rendered":"<p>Repetidor TP-LINK TL-WA855RE<\/p>\n<p>Extensor de rango para redes wifi<\/p>\n<p>Frecuencia 300mbps<\/p>\n<ul>\n<li>Aumenta la cobertura Wi-Fi existente para ofrecer conectividad cableada e inal\u00e1mbrica r\u00e1pida y confiable<\/li>\n<li>Antenas externas para Wi-Fi\u00a0m\u00e1s r\u00e1pido\u00a0y confiable<\/li>\n<li>Soporta el modo de AP que crea un nuevo punto de acceso Wi-Fi<\/li>\n<li>Ampl\u00eda\u00a0f\u00e1cilmente la cobertura inal\u00e1mbrica presionando\u00a0el bot\u00f3n Range Extender<\/li>\n<li>Establece\u00a0programaci\u00f3n de alimentaci\u00f3n para\u00a0ahorro de energ\u00eda del\u00a0extensor de rango<\/li>\n<li>la appTether App permite el f\u00e1cil acceso y la administraci\u00f3n de tus dispositivos m\u00f3viles de forma remota<\/li>\n<li>Funciona con cualquier router Wi-Fi<\/li>\n<\/ul>\n","protected":false},"excerpt":{"rendered":"<p>Repetidor TP-LINK TL-WA855RE<\/p>\n<p>Extensor de rango para redes wifi<\/p>\n<p>Frecuencia 300mbps<\/p>\n<ul>\n<li>Aumenta la cobertura Wi-Fi existente para ofrecer conectividad cableada e inal\u00e1mbrica r\u00e1pida y confiable<\/li>\n<\/ul>\n","protected":false},"featured_media":5611,"comment_status":"open","ping_status":"closed","template":"","meta":{"site-sidebar-layout":"default","site-content-layout":"default","ast-global-header-display":"","ast-main-header-display":"","ast-hfb-above-header-display":"","ast-hfb-below-header-display":"","ast-hfb-mobile-header-display":"","site-post-title":"","ast-breadcrumbs-content":"","ast-featured-img":"","footer-sml-layout":"","theme-transparent-header-meta":"default","adv-header-id-meta":"","stick-header-meta":"","header-above-stick-meta":"","header-main-stick-meta":"","header-below-stick-meta":""},"product_cat":[37],"product_tag":[],"class_list":{"0":"post-242","1":"product","2":"type-product","3":"status-publish","4":"has-post-thumbnail","6":"product_cat-ssd-mouse","7":"desktop-align-center","8":"tablet-align-center","9":"mobile-align-center","11":"first","12":"instock","13":"featured","14":"shipping-taxable","15":"purchasable","16":"product-type-simple"},"aioseo_notices":[],"_links":{"self":[{"href":"https:\/\/tecnosystemec.com\/index.php?rest_route=\/wp\/v2\/product\/242"}],"collection":[{"href":"https:\/\/tecnosystemec.com\/index.php?rest_route=\/wp\/v2\/product"}],"about":[{"href":"https:\/\/tecnosystemec.com\/index.php?rest_route=\/wp\/v2\/types\/product"}],"replies":[{"embeddable":true,"href":"https:\/\/tecnosystemec.com\/index.php?rest_route=%2Fwp%2Fv2%2Fcomments&post=242"}],"version-history":[{"count":3,"href":"https:\/\/tecnosystemec.com\/index.php?rest_route=\/wp\/v2\/product\/242\/revisions"}],"predecessor-version":[{"id":5612,"href":"https:\/\/tecnosystemec.com\/index.php?rest_route=\/wp\/v2\/product\/242\/revisions\/5612"}],"wp:featuredmedia":[{"embeddable":true,"href":"https:\/\/tecnosystemec.com\/index.php?rest_route=\/wp\/v2\/media\/5611"}],"wp:attachment":[{"href":"https:\/\/tecnosystemec.com\/index.php?rest_route=%2Fwp%2Fv2%2Fmedia&parent=242"}],"wp:term":[{"taxonomy":"product_cat","embeddable":true,"href":"https:\/\/tecnosystemec.com\/index.php?rest_route=%2Fwp%2Fv2%2Fproduct_cat&post=242"},{"taxonomy":"product_tag","embeddable":true,"href":"https:\/\/tecnosystemec.com\/index.php?rest_route=%2Fwp%2Fv2%2Fproduct_tag&post=242"}],"curies":[{"name":"wp","href":"https:\/\/api.w.org\/{rel}","templated":true}]}}