{"id":243,"date":"2018-06-20T07:16:56","date_gmt":"2018-06-20T07:16:56","guid":{"rendered":"https:\/\/tecnosystemec.com\/?product=pulses-from-organic-farm"},"modified":"2025-10-04T04:36:26","modified_gmt":"2025-10-04T04:36:26","slug":"pulses-from-organic-farm","status":"publish","type":"product","link":"https:\/\/tecnosystemec.com\/?product=pulses-from-organic-farm","title":{"rendered":"PARLANTE Echo Dot Alexa"},"content":{"rendered":"<h6 class=\"product-single__title\">Nuevo Echo Dot con Reloj<\/h6>\n<h6 class=\"product-single__title\">(5.\u00aa generaci\u00f3n, modelo 2022)<\/h6>\n<h6 class=\"product-single__title\">| Parlante inteligente con reloj y Alexa<\/h6>\n<p>&nbsp;<\/p>\n<p>&nbsp;<\/p>\n","protected":false},"excerpt":{"rendered":"<h6 class=\"product-single__title\">Nuevo Echo Dot con Reloj<\/h6>\n<h6 class=\"product-single__title\">(5.\u00aa generaci\u00f3n, modelo 2022)<\/h6>\n<h6 class=\"product-single__title\">| Parlante inteligente con reloj y Alexa<\/h6>\n<h5>\u00a0\u00bfQu\u00e9 novedades tiene esta generaci\u00f3n?<\/h5>\n<ul>\n<li style=\"text-align: left;\">Experiencia de audio mejorada con voces m\u00e1s n\u00edtidas, graves m\u00e1s profundos y sonido vibrante.<\/li>\n<li style=\"text-align: left;\">El nuevo indicador LED muestra el estado del clima, t\u00edtulos de canciones y m\u00e1s cuando los pides.<\/li>\n<li style=\"text-align: left;\">Mant\u00e9n tu hogar c\u00f3modo creando rutinas con el nuevo sensor de temperatura integrado.<\/li>\n<li style=\"text-align: left;\">Integraci\u00f3n con eero &#8211; Convierte el nuevo Echo Dot 5 en un punto WiFi mesh para a\u00f1adir un alcance wifi m\u00e1ximo de 1000 ft2 (92 m2) a una red eero compatible.<img decoding=\"async\" src=\"https:\/\/cdn.shopify.com\/s\/files\/1\/0476\/3339\/9961\/files\/Screenshot_2_ba84fd66-1e9b-4ece-8cd3-70b15eefe538_480x480.png?v=1666831913\" \/><\/li>\n<\/ul>\n","protected":false},"featured_media":5580,"comment_status":"open","ping_status":"closed","template":"","meta":{"site-sidebar-layout":"default","site-content-layout":"default","ast-global-header-display":"","ast-main-header-display":"","ast-hfb-above-header-display":"","ast-hfb-below-header-display":"","ast-hfb-mobile-header-display":"","site-post-title":"","ast-breadcrumbs-content":"","ast-featured-img":"","footer-sml-layout":"","theme-transparent-header-meta":"default","adv-header-id-meta":"","stick-header-meta":"","header-above-stick-meta":"","header-main-stick-meta":"","header-below-stick-meta":""},"product_cat":[25],"product_tag":[],"class_list":{"0":"post-243","1":"product","2":"type-product","3":"status-publish","4":"has-post-thumbnail","6":"product_cat-domotica","7":"desktop-align-center","8":"tablet-align-center","9":"mobile-align-center","11":"first","12":"instock","13":"sale","14":"featured","15":"shipping-taxable","16":"purchasable","17":"product-type-simple"},"aioseo_notices":[],"_links":{"self":[{"href":"https:\/\/tecnosystemec.com\/index.php?rest_route=\/wp\/v2\/product\/243"}],"collection":[{"href":"https:\/\/tecnosystemec.com\/index.php?rest_route=\/wp\/v2\/product"}],"about":[{"href":"https:\/\/tecnosystemec.com\/index.php?rest_route=\/wp\/v2\/types\/product"}],"replies":[{"embeddable":true,"href":"https:\/\/tecnosystemec.com\/index.php?rest_route=%2Fwp%2Fv2%2Fcomments&post=243"}],"version-history":[{"count":2,"href":"https:\/\/tecnosystemec.com\/index.php?rest_route=\/wp\/v2\/product\/243\/revisions"}],"predecessor-version":[{"id":5584,"href":"https:\/\/tecnosystemec.com\/index.php?rest_route=\/wp\/v2\/product\/243\/revisions\/5584"}],"wp:featuredmedia":[{"embeddable":true,"href":"https:\/\/tecnosystemec.com\/index.php?rest_route=\/wp\/v2\/media\/5580"}],"wp:attachment":[{"href":"https:\/\/tecnosystemec.com\/index.php?rest_route=%2Fwp%2Fv2%2Fmedia&parent=243"}],"wp:term":[{"taxonomy":"product_cat","embeddable":true,"href":"https:\/\/tecnosystemec.com\/index.php?rest_route=%2Fwp%2Fv2%2Fproduct_cat&post=243"},{"taxonomy":"product_tag","embeddable":true,"href":"https:\/\/tecnosystemec.com\/index.php?rest_route=%2Fwp%2Fv2%2Fproduct_tag&post=243"}],"curies":[{"name":"wp","href":"https:\/\/api.w.org\/{rel}","templated":true}]}}