{"id":5618,"date":"2023-04-25T22:53:38","date_gmt":"2023-04-25T22:53:38","guid":{"rendered":"https:\/\/tecnosystemec.com\/?post_type=product&#038;p=5618"},"modified":"2023-09-11T20:38:03","modified_gmt":"2023-09-11T20:38:03","slug":"kit-2-camaras-hiklook-1080","status":"publish","type":"product","link":"https:\/\/tecnosystemec.com\/?product=kit-2-camaras-hiklook-1080","title":{"rendered":"kit 4 &#8211; 16 Camaras Hiklook 720P"},"content":{"rendered":"<p>Kit 4 &#8211; 16 Camaras 720 Mpx resoluci\u00f3n<\/p>\n<p>1 DVR 4 &#8211; 16 720 Mpx resoluci\u00f3n<\/p>\n<p>Camaras tipo tubo exterior 720 Mpx resoluci\u00f3n<\/p>\n<p>1 c\u00e1mara tipo Domo 720 Mpx resoluci\u00f3n<\/p>\n<p>1 Disco Duro 1TB Wester Digital Purple Especial para Video Vigilancia<\/p>\n<p>Fuentes, Borneras, Cajas Hermeticas<\/p>\n<p>Instalaci\u00f3n Configuraci\u00f3n visualizaci\u00f3n directa desde celular<\/p>\n<p>1 a\u00f1o de garantia sobre defectos de fabrica.<\/p>\n","protected":false},"excerpt":{"rendered":"<p>Kit 4 &#8211; 16 Camaras 720 Mpx resoluci\u00f3n<\/p>\n<p>1 DVR 4 &#8211; 16 720 Mpx resoluci\u00f3n<\/p>\n<p>Camaras tipo tubo exterior 720 Mpx resoluci\u00f3n<\/p>\n<p>1 c\u00e1mara tipo Domo 720 Mpx resoluci\u00f3n<\/p>\n<p>1 Disco Duro 1TB Wester Digital Purple Especial para Video Vigilancia<\/p>\n","protected":false},"featured_media":5862,"comment_status":"open","ping_status":"closed","template":"","meta":{"site-sidebar-layout":"default","site-content-layout":"default","ast-global-header-display":"","ast-main-header-display":"","ast-hfb-above-header-display":"","ast-hfb-below-header-display":"","ast-hfb-mobile-header-display":"","site-post-title":"","ast-breadcrumbs-content":"","ast-featured-img":"","footer-sml-layout":"","theme-transparent-header-meta":"default","adv-header-id-meta":"","stick-header-meta":"","header-above-stick-meta":"","header-main-stick-meta":"","header-below-stick-meta":""},"product_cat":[36],"product_tag":[],"class_list":{"0":"post-5618","1":"product","2":"type-product","3":"status-publish","4":"has-post-thumbnail","6":"product_cat-camaras-alarmas","7":"desktop-align-center","8":"tablet-align-center","9":"mobile-align-center","11":"first","12":"instock","13":"shipping-taxable","14":"purchasable","15":"product-type-variable"},"aioseo_notices":[],"_links":{"self":[{"href":"https:\/\/tecnosystemec.com\/index.php?rest_route=\/wp\/v2\/product\/5618"}],"collection":[{"href":"https:\/\/tecnosystemec.com\/index.php?rest_route=\/wp\/v2\/product"}],"about":[{"href":"https:\/\/tecnosystemec.com\/index.php?rest_route=\/wp\/v2\/types\/product"}],"replies":[{"embeddable":true,"href":"https:\/\/tecnosystemec.com\/index.php?rest_route=%2Fwp%2Fv2%2Fcomments&post=5618"}],"version-history":[{"count":3,"href":"https:\/\/tecnosystemec.com\/index.php?rest_route=\/wp\/v2\/product\/5618\/revisions"}],"predecessor-version":[{"id":5864,"href":"https:\/\/tecnosystemec.com\/index.php?rest_route=\/wp\/v2\/product\/5618\/revisions\/5864"}],"wp:featuredmedia":[{"embeddable":true,"href":"https:\/\/tecnosystemec.com\/index.php?rest_route=\/wp\/v2\/media\/5862"}],"wp:attachment":[{"href":"https:\/\/tecnosystemec.com\/index.php?rest_route=%2Fwp%2Fv2%2Fmedia&parent=5618"}],"wp:term":[{"taxonomy":"product_cat","embeddable":true,"href":"https:\/\/tecnosystemec.com\/index.php?rest_route=%2Fwp%2Fv2%2Fproduct_cat&post=5618"},{"taxonomy":"product_tag","embeddable":true,"href":"https:\/\/tecnosystemec.com\/index.php?rest_route=%2Fwp%2Fv2%2Fproduct_tag&post=5618"}],"curies":[{"name":"wp","href":"https:\/\/api.w.org\/{rel}","templated":true}]}}