{"id":5623,"date":"2023-04-25T23:01:23","date_gmt":"2023-04-25T23:01:23","guid":{"rendered":"https:\/\/tecnosystemec.com\/?post_type=product&#038;p=5623"},"modified":"2023-09-11T21:07:45","modified_gmt":"2023-09-11T21:07:45","slug":"kit-8-camaras-hiklook-1080p","status":"publish","type":"product","link":"https:\/\/tecnosystemec.com\/?product=kit-8-camaras-hiklook-1080p","title":{"rendered":"Kit 4 Camaras Hiklook 1080P eDVR"},"content":{"rendered":"<p>Kit 4- 8 Camaras 2 Mpx resoluci\u00f3n ColorVu Visualizaci\u00f3n d\u00eda y noche a color<\/p>\n<p>1 eDVR\u00a0 eDRV 4 &#8211; 8 Canales 2 Mpx Con Disco SSD DE 500GB Incluido<\/p>\n<p>Camaras tipo tubo exterior 2 Mpx<\/p>\n<p>C\u00e1maras tipo Domo 2 Mpx<\/p>\n<p>Fuentes, Borneras, Cajas Hermeticas<\/p>\n<p>Instalaci\u00f3n Configuraci\u00f3n visualizaci\u00f3n directa desde celular<\/p>\n<p>1 a\u00f1o de garantia sobre defectos de fabrica.<\/p>\n","protected":false},"excerpt":{"rendered":"<p>Kit 4- 8 Camaras 2 Mpx resoluci\u00f3n ColorVu Visualizaci\u00f3n d\u00eda y noche a color<\/p>\n<p>1 eDVR\u00a0 eDRV 4 &#8211; 8 Canales 2 Mpx Con Disco SSD DE 500GB Incluido<\/p>\n<p>Camaras tipo tubo exterior 2 Mpx<\/p>\n<p>C\u00e1maras tipo Domo 2 Mpx<\/p>\n<p>Fuentes, Borneras, Cajas Hermeticas<\/p>\n<p>Instalaci\u00f3n Configuraci\u00f3n visualizaci\u00f3n directa desde celular<\/p>\n<p>1 a\u00f1o de garantia sobre defectos de fabrica.<\/p>\n","protected":false},"featured_media":5823,"comment_status":"open","ping_status":"closed","template":"","meta":{"site-sidebar-layout":"default","site-content-layout":"default","ast-global-header-display":"","ast-main-header-display":"","ast-hfb-above-header-display":"","ast-hfb-below-header-display":"","ast-hfb-mobile-header-display":"","site-post-title":"","ast-breadcrumbs-content":"","ast-featured-img":"","footer-sml-layout":"","theme-transparent-header-meta":"default","adv-header-id-meta":"","stick-header-meta":"","header-above-stick-meta":"","header-main-stick-meta":"","header-below-stick-meta":""},"product_cat":[36],"product_tag":[],"class_list":{"0":"post-5623","1":"product","2":"type-product","3":"status-publish","4":"has-post-thumbnail","6":"product_cat-camaras-alarmas","7":"desktop-align-center","8":"tablet-align-center","9":"mobile-align-center","11":"first","12":"instock","13":"sale","14":"shipping-taxable","15":"purchasable","16":"product-type-simple"},"aioseo_notices":[],"_links":{"self":[{"href":"https:\/\/tecnosystemec.com\/index.php?rest_route=\/wp\/v2\/product\/5623"}],"collection":[{"href":"https:\/\/tecnosystemec.com\/index.php?rest_route=\/wp\/v2\/product"}],"about":[{"href":"https:\/\/tecnosystemec.com\/index.php?rest_route=\/wp\/v2\/types\/product"}],"replies":[{"embeddable":true,"href":"https:\/\/tecnosystemec.com\/index.php?rest_route=%2Fwp%2Fv2%2Fcomments&post=5623"}],"version-history":[{"count":4,"href":"https:\/\/tecnosystemec.com\/index.php?rest_route=\/wp\/v2\/product\/5623\/revisions"}],"predecessor-version":[{"id":5865,"href":"https:\/\/tecnosystemec.com\/index.php?rest_route=\/wp\/v2\/product\/5623\/revisions\/5865"}],"wp:featuredmedia":[{"embeddable":true,"href":"https:\/\/tecnosystemec.com\/index.php?rest_route=\/wp\/v2\/media\/5823"}],"wp:attachment":[{"href":"https:\/\/tecnosystemec.com\/index.php?rest_route=%2Fwp%2Fv2%2Fmedia&parent=5623"}],"wp:term":[{"taxonomy":"product_cat","embeddable":true,"href":"https:\/\/tecnosystemec.com\/index.php?rest_route=%2Fwp%2Fv2%2Fproduct_cat&post=5623"},{"taxonomy":"product_tag","embeddable":true,"href":"https:\/\/tecnosystemec.com\/index.php?rest_route=%2Fwp%2Fv2%2Fproduct_tag&post=5623"}],"curies":[{"name":"wp","href":"https:\/\/api.w.org\/{rel}","templated":true}]}}