{"id":5766,"date":"2023-05-23T16:51:05","date_gmt":"2023-05-23T16:51:05","guid":{"rendered":"https:\/\/tecnosystemec.com\/?post_type=product&#038;p=5766"},"modified":"2023-05-23T17:07:53","modified_gmt":"2023-05-23T17:07:53","slug":"kit-video-portero-analogo-hikvision-ds-kis202","status":"publish","type":"product","link":"https:\/\/tecnosystemec.com\/?product=kit-video-portero-analogo-hikvision-ds-kis202","title":{"rendered":"KIT VIDEO PORTERO ANALOGO HIKVISION DS-KIS202"},"content":{"rendered":"<p><strong>Marca\u00a0 : HIKVISION<br \/>\nModelo:\u00a0DS-KIS202<\/strong><\/p>\n<p><strong>Incluye:<\/strong><br \/>\n\u2022\u00a0Monitor a colores\u00a0Manos Libres ,con pantalla TFT\u00a0 LCD 7&#8243;<br \/>\n\u2022\u00a0Portero Met\u00e1lico para Exterior de Aluminio resistente con Relay para apertura de cerradura el\u00e9ctrica| Conexi\u00f3n: 4 hilos<br \/>\n\u2022\u00a0C\u00e1mara de Portero: Pinhole CMOS 1\/4&#8243;,Resoluci\u00f3n 720 x 576, Alcance IR 2m<\/p>\n<p>&nbsp;<\/p>\n","protected":false},"excerpt":{"rendered":"<p><strong>Caracter\u00edsticas:<\/strong><br \/>\n\u2022 Microfono Omnidireccional, Parlante incorporado<br \/>\n\u2022 Monitor: Resoluci\u00f3n 800 x480, Microfono Imnidireccional, Parlante incorporado<br \/>\n\u2022\u00a0<strong>Soporta 1 Portero ADICIONAL y 2 monitores ADICIONALES<br \/>\n\u2022 Puede a\u00f1adirse una c\u00e1mara ANALOGA al monitor Principal<\/strong><br \/>\n\u2022 Distancia de Cableado 100mm\u00e1ximo<br \/>\n\u2022 Voltaje de trabajo 12Vdc .<\/p>\n","protected":false},"featured_media":5769,"comment_status":"open","ping_status":"closed","template":"","meta":{"site-sidebar-layout":"default","site-content-layout":"default","ast-global-header-display":"","ast-main-header-display":"","ast-hfb-above-header-display":"","ast-hfb-below-header-display":"","ast-hfb-mobile-header-display":"","site-post-title":"","ast-breadcrumbs-content":"","ast-featured-img":"","footer-sml-layout":"","theme-transparent-header-meta":"default","adv-header-id-meta":"","stick-header-meta":"","header-above-stick-meta":"","header-main-stick-meta":"","header-below-stick-meta":""},"product_cat":[25],"product_tag":[],"class_list":{"0":"post-5766","1":"product","2":"type-product","3":"status-publish","4":"has-post-thumbnail","6":"product_cat-domotica","7":"desktop-align-center","8":"tablet-align-center","9":"mobile-align-center","11":"first","12":"instock","13":"shipping-taxable","14":"purchasable","15":"product-type-simple"},"aioseo_notices":[],"_links":{"self":[{"href":"https:\/\/tecnosystemec.com\/index.php?rest_route=\/wp\/v2\/product\/5766"}],"collection":[{"href":"https:\/\/tecnosystemec.com\/index.php?rest_route=\/wp\/v2\/product"}],"about":[{"href":"https:\/\/tecnosystemec.com\/index.php?rest_route=\/wp\/v2\/types\/product"}],"replies":[{"embeddable":true,"href":"https:\/\/tecnosystemec.com\/index.php?rest_route=%2Fwp%2Fv2%2Fcomments&post=5766"}],"version-history":[{"count":1,"href":"https:\/\/tecnosystemec.com\/index.php?rest_route=\/wp\/v2\/product\/5766\/revisions"}],"predecessor-version":[{"id":5770,"href":"https:\/\/tecnosystemec.com\/index.php?rest_route=\/wp\/v2\/product\/5766\/revisions\/5770"}],"wp:featuredmedia":[{"embeddable":true,"href":"https:\/\/tecnosystemec.com\/index.php?rest_route=\/wp\/v2\/media\/5769"}],"wp:attachment":[{"href":"https:\/\/tecnosystemec.com\/index.php?rest_route=%2Fwp%2Fv2%2Fmedia&parent=5766"}],"wp:term":[{"taxonomy":"product_cat","embeddable":true,"href":"https:\/\/tecnosystemec.com\/index.php?rest_route=%2Fwp%2Fv2%2Fproduct_cat&post=5766"},{"taxonomy":"product_tag","embeddable":true,"href":"https:\/\/tecnosystemec.com\/index.php?rest_route=%2Fwp%2Fv2%2Fproduct_tag&post=5766"}],"curies":[{"name":"wp","href":"https:\/\/api.w.org\/{rel}","templated":true}]}}