{"id":5771,"date":"2023-05-23T17:09:18","date_gmt":"2023-05-23T17:09:18","guid":{"rendered":"https:\/\/tecnosystemec.com\/?post_type=product&#038;p=5771"},"modified":"2023-05-23T17:14:32","modified_gmt":"2023-05-23T17:14:32","slug":"biometrico-hikvision-ds-k1t8003ef","status":"publish","type":"product","link":"https:\/\/tecnosystemec.com\/?product=biometrico-hikvision-ds-k1t8003ef","title":{"rendered":"Biometrico Hikvision DS-K1T8003EF"},"content":{"rendered":"<ul>\n<li>Gesti\u00f3n integrada de control de acceso y asistencia<\/li>\n<li>Agrega huellas digitales al sistema de forma remota<\/li>\n<li>Operaci\u00f3n aut\u00f3noma: agrega localmente informaci\u00f3n de personas, tarjetas y huellas dactilares<\/li>\n<li>Exporta los datos de la tarjeta deslizante y el informe de asistencia a la unidad flash USB<\/li>\n<li>Admite 6 estados de asistencia, incluidos el registro de entrada, la salida, la entrada, la salida, la entrada y la salida de horas extra.<\/li>\n<\/ul>\n","protected":false},"excerpt":{"rendered":"<ul>\n<li>Usuarios: 1000<\/li>\n<li>Tarjetas v\u00e1lidas: 1000<\/li>\n<li>Capacidad de huellas dactilares: 1000<\/li>\n<li>Capacidad de eventos: 100,000<\/li>\n<li>Alimentaci\u00f3n: 12 Vcd (Incluida) 1A<\/li>\n<li>Sistema operativo: Linux<\/li>\n<li>Interfaz USB: USB 2.0<\/li>\n<li>Dimensiones:140 mm \u00d7 155 mm \u00d7 30 mm (5.51&#8243; \u00d7 6.01&#8243; \u00d7 1.18&#8243;)<\/li>\n<\/ul>\n","protected":false},"featured_media":5772,"comment_status":"open","ping_status":"closed","template":"","meta":{"site-sidebar-layout":"default","site-content-layout":"default","ast-global-header-display":"","ast-main-header-display":"","ast-hfb-above-header-display":"","ast-hfb-below-header-display":"","ast-hfb-mobile-header-display":"","site-post-title":"","ast-breadcrumbs-content":"","ast-featured-img":"","footer-sml-layout":"","theme-transparent-header-meta":"default","adv-header-id-meta":"","stick-header-meta":"","header-above-stick-meta":"","header-main-stick-meta":"","header-below-stick-meta":""},"product_cat":[25],"product_tag":[],"class_list":{"0":"post-5771","1":"product","2":"type-product","3":"status-publish","4":"has-post-thumbnail","6":"product_cat-domotica","7":"desktop-align-center","8":"tablet-align-center","9":"mobile-align-center","11":"first","12":"instock","13":"shipping-taxable","14":"purchasable","15":"product-type-simple"},"aioseo_notices":[],"_links":{"self":[{"href":"https:\/\/tecnosystemec.com\/index.php?rest_route=\/wp\/v2\/product\/5771"}],"collection":[{"href":"https:\/\/tecnosystemec.com\/index.php?rest_route=\/wp\/v2\/product"}],"about":[{"href":"https:\/\/tecnosystemec.com\/index.php?rest_route=\/wp\/v2\/types\/product"}],"replies":[{"embeddable":true,"href":"https:\/\/tecnosystemec.com\/index.php?rest_route=%2Fwp%2Fv2%2Fcomments&post=5771"}],"version-history":[{"count":1,"href":"https:\/\/tecnosystemec.com\/index.php?rest_route=\/wp\/v2\/product\/5771\/revisions"}],"predecessor-version":[{"id":5774,"href":"https:\/\/tecnosystemec.com\/index.php?rest_route=\/wp\/v2\/product\/5771\/revisions\/5774"}],"wp:featuredmedia":[{"embeddable":true,"href":"https:\/\/tecnosystemec.com\/index.php?rest_route=\/wp\/v2\/media\/5772"}],"wp:attachment":[{"href":"https:\/\/tecnosystemec.com\/index.php?rest_route=%2Fwp%2Fv2%2Fmedia&parent=5771"}],"wp:term":[{"taxonomy":"product_cat","embeddable":true,"href":"https:\/\/tecnosystemec.com\/index.php?rest_route=%2Fwp%2Fv2%2Fproduct_cat&post=5771"},{"taxonomy":"product_tag","embeddable":true,"href":"https:\/\/tecnosystemec.com\/index.php?rest_route=%2Fwp%2Fv2%2Fproduct_tag&post=5771"}],"curies":[{"name":"wp","href":"https:\/\/api.w.org\/{rel}","templated":true}]}}