{"id":5880,"date":"2023-09-11T22:45:08","date_gmt":"2023-09-11T22:45:08","guid":{"rendered":"https:\/\/tecnosystemec.com\/?post_type=product&#038;p=5880"},"modified":"2023-09-12T19:31:54","modified_gmt":"2023-09-12T19:31:54","slug":"ezviz-cs-bc2-mini-1080p","status":"publish","type":"product","link":"https:\/\/tecnosystemec.com\/?product=ezviz-cs-bc2-mini-1080p","title":{"rendered":"Camara EZVIZ CS-BC2 MINI 1080P"},"content":{"rendered":"<h5 class=\"product_title entry-title\">CAMARA INTELIGENTE DE BATERIA<\/h5>\n<h5 class=\"product_title entry-title\">PARA EL HOGAR EZVIZ CS-BC2<\/h5>\n<h5 class=\"product_title entry-title\">MINI 1080P 2MP WIFI 2.4GHz<\/h5>\n<p>CARACTERISTICAS<\/p>\n<p>La BC2 lleva incorporada una bater\u00eda recargable de 2.000 mAh para funcionar hasta 50 d\u00edas con una carga completa\u00b9. Ya no es necesario instalarla cerca de una toma de corriente; de hecho, \u00a1Incluso puedes llevarla contigo en un viaje por carretera! En caso de emergencias o cortes de energ\u00eda, cuando la mayor\u00eda de las c\u00e1maras dom\u00e9sticas dejan de funcionar, Tu BC2 seguir\u00e1 funcionando y registrando eventos en su memoria local.<\/p>\n<div class=\"text-ele\">\n<p>Conecta y cuida, desde cualquier lugar<\/p>\n<\/div>\n<div class=\"text-ele\">\n<p>Utiliza tu tel\u00e9fono m\u00f3vil para hablar en tiempo real con tus seres queridos cuando, aparezcan en la vista de la c\u00e1mara, para saber que est\u00e1n a salvo en casa.<\/p>\n<\/div>\n","protected":false},"excerpt":{"rendered":"<h5 class=\"product_title entry-title\">CAMARA INTELIGENTE DE BATERIA<\/h5>\n<h5 class=\"product_title entry-title\">PARA EL HOGAR EZVIZ CS-BC2<\/h5>\n<h5 class=\"product_title entry-title\">MINI 1080P 2MP WIFI 2.4GHz<\/h5>\n<h5>50 DIAS DURACI\u00d3N APROXIMADA DE LA BATERIA<\/h5>\n<h5>SOPORTA HASTA 256GB MEMORIA MICRO SD<\/h5>\n","protected":false},"featured_media":5881,"comment_status":"open","ping_status":"closed","template":"","meta":{"site-sidebar-layout":"default","site-content-layout":"default","ast-global-header-display":"","ast-main-header-display":"","ast-hfb-above-header-display":"","ast-hfb-below-header-display":"","ast-hfb-mobile-header-display":"","site-post-title":"","ast-breadcrumbs-content":"","ast-featured-img":"","footer-sml-layout":"","theme-transparent-header-meta":"default","adv-header-id-meta":"","stick-header-meta":"","header-above-stick-meta":"","header-main-stick-meta":"","header-below-stick-meta":""},"product_cat":[36],"product_tag":[],"class_list":{"0":"post-5880","1":"product","2":"type-product","3":"status-publish","4":"has-post-thumbnail","6":"product_cat-camaras-alarmas","7":"desktop-align-center","8":"tablet-align-center","9":"mobile-align-center","11":"first","12":"instock","13":"shipping-taxable","14":"purchasable","15":"product-type-simple"},"aioseo_notices":[],"_links":{"self":[{"href":"https:\/\/tecnosystemec.com\/index.php?rest_route=\/wp\/v2\/product\/5880"}],"collection":[{"href":"https:\/\/tecnosystemec.com\/index.php?rest_route=\/wp\/v2\/product"}],"about":[{"href":"https:\/\/tecnosystemec.com\/index.php?rest_route=\/wp\/v2\/types\/product"}],"replies":[{"embeddable":true,"href":"https:\/\/tecnosystemec.com\/index.php?rest_route=%2Fwp%2Fv2%2Fcomments&post=5880"}],"version-history":[{"count":3,"href":"https:\/\/tecnosystemec.com\/index.php?rest_route=\/wp\/v2\/product\/5880\/revisions"}],"predecessor-version":[{"id":5911,"href":"https:\/\/tecnosystemec.com\/index.php?rest_route=\/wp\/v2\/product\/5880\/revisions\/5911"}],"wp:featuredmedia":[{"embeddable":true,"href":"https:\/\/tecnosystemec.com\/index.php?rest_route=\/wp\/v2\/media\/5881"}],"wp:attachment":[{"href":"https:\/\/tecnosystemec.com\/index.php?rest_route=%2Fwp%2Fv2%2Fmedia&parent=5880"}],"wp:term":[{"taxonomy":"product_cat","embeddable":true,"href":"https:\/\/tecnosystemec.com\/index.php?rest_route=%2Fwp%2Fv2%2Fproduct_cat&post=5880"},{"taxonomy":"product_tag","embeddable":true,"href":"https:\/\/tecnosystemec.com\/index.php?rest_route=%2Fwp%2Fv2%2Fproduct_tag&post=5880"}],"curies":[{"name":"wp","href":"https:\/\/api.w.org\/{rel}","templated":true}]}}