{"id":5887,"date":"2023-09-11T23:11:19","date_gmt":"2023-09-11T23:11:19","guid":{"rendered":"https:\/\/tecnosystemec.com\/?post_type=product&#038;p=5887"},"modified":"2023-09-12T19:30:51","modified_gmt":"2023-09-12T19:30:51","slug":"ezviz-elife-camara-con-bateria-bc1c","status":"publish","type":"product","link":"https:\/\/tecnosystemec.com\/?product=ezviz-elife-camara-con-bateria-bc1c","title":{"rendered":"Camara EZVIZ eLife con bater\u00eda BC1C"},"content":{"rendered":"<div class=\"text-ele\">\n<h6>EZVIZ eLife <span style=\"font-size: 16px;\">C\u00e1mara con bater\u00eda BC1C<\/span><\/h6>\n<h6 id=\"product_title_203817\" class=\"titulo_vp\">C\u00e1mara IP Inal\u00e1mbrica Con Bater\u00eda Recargable<\/h6>\n<h6 class=\"titulo_vp\">(Cero Cables) \/ Colores en Oscuridad \/ 2 Megap\u00edxel<\/h6>\n<h6 class=\"titulo_vp\">Sirena y Estrobo \/ Alertas de Audio Personalizable<\/h6>\n<h6 class=\"titulo_vp\">Uso en Exterior \/ Grabaci\u00f3n en la Nube \/ Almacenamiento Interno<\/h6>\n<h6>Grabaci\u00f3n hasta 200 dias con una sola carga de la bateria<\/h6>\n<h6>almacenamiento 32GB incorporado maxima compresi\u00f3n de video<\/h6>\n<p>&nbsp;<\/p>\n<\/div>\n","protected":false},"excerpt":{"rendered":"<h6>EZVIZ eLife <span style=\"font-size: 16px;\">C\u00e1mara con bater\u00eda BC1C<\/span><\/h6>\n<h6 id=\"product_title_203817\" class=\"titulo_vp\">C\u00e1mara IP Inal\u00e1mbrica Con Bater\u00eda Recargable<\/h6>\n<h6 class=\"titulo_vp\">(Cero Cables) \/ Colores en Oscuridad \/ 2 Megap\u00edxel<\/h6>\n<h6 class=\"titulo_vp\">Sirena y Estrobo \/ Alertas de Audio Personalizable<\/h6>\n<h6 class=\"titulo_vp\">Uso en Exterior \/ Grabaci\u00f3n en la Nube \/ Almacenamiento Interno<\/h6>\n<h6>Grabaci\u00f3n hasta 200 dias con una sola carga de la bateria<\/h6>\n<h6>almacenamiento 32GB incorporado maxima compresi\u00f3n de video<\/h6>\n","protected":false},"featured_media":5890,"comment_status":"open","ping_status":"closed","template":"","meta":{"site-sidebar-layout":"default","site-content-layout":"default","ast-global-header-display":"","ast-main-header-display":"","ast-hfb-above-header-display":"","ast-hfb-below-header-display":"","ast-hfb-mobile-header-display":"","site-post-title":"","ast-breadcrumbs-content":"","ast-featured-img":"","footer-sml-layout":"","theme-transparent-header-meta":"default","adv-header-id-meta":"","stick-header-meta":"","header-above-stick-meta":"","header-main-stick-meta":"","header-below-stick-meta":""},"product_cat":[36],"product_tag":[],"class_list":{"0":"post-5887","1":"product","2":"type-product","3":"status-publish","4":"has-post-thumbnail","6":"product_cat-camaras-alarmas","7":"desktop-align-center","8":"tablet-align-center","9":"mobile-align-center","11":"first","12":"instock","13":"shipping-taxable","14":"purchasable","15":"product-type-simple"},"aioseo_notices":[],"_links":{"self":[{"href":"https:\/\/tecnosystemec.com\/index.php?rest_route=\/wp\/v2\/product\/5887"}],"collection":[{"href":"https:\/\/tecnosystemec.com\/index.php?rest_route=\/wp\/v2\/product"}],"about":[{"href":"https:\/\/tecnosystemec.com\/index.php?rest_route=\/wp\/v2\/types\/product"}],"replies":[{"embeddable":true,"href":"https:\/\/tecnosystemec.com\/index.php?rest_route=%2Fwp%2Fv2%2Fcomments&post=5887"}],"version-history":[{"count":2,"href":"https:\/\/tecnosystemec.com\/index.php?rest_route=\/wp\/v2\/product\/5887\/revisions"}],"predecessor-version":[{"id":5909,"href":"https:\/\/tecnosystemec.com\/index.php?rest_route=\/wp\/v2\/product\/5887\/revisions\/5909"}],"wp:featuredmedia":[{"embeddable":true,"href":"https:\/\/tecnosystemec.com\/index.php?rest_route=\/wp\/v2\/media\/5890"}],"wp:attachment":[{"href":"https:\/\/tecnosystemec.com\/index.php?rest_route=%2Fwp%2Fv2%2Fmedia&parent=5887"}],"wp:term":[{"taxonomy":"product_cat","embeddable":true,"href":"https:\/\/tecnosystemec.com\/index.php?rest_route=%2Fwp%2Fv2%2Fproduct_cat&post=5887"},{"taxonomy":"product_tag","embeddable":true,"href":"https:\/\/tecnosystemec.com\/index.php?rest_route=%2Fwp%2Fv2%2Fproduct_tag&post=5887"}],"curies":[{"name":"wp","href":"https:\/\/api.w.org\/{rel}","templated":true}]}}