{"id":5897,"date":"2023-09-12T19:06:17","date_gmt":"2023-09-12T19:06:17","guid":{"rendered":"https:\/\/tecnosystemec.com\/?post_type=product&#038;p=5897"},"modified":"2024-03-01T21:37:37","modified_gmt":"2024-03-01T21:37:37","slug":"camara-ptz-1080p-2mpx-ptz-t4225i-d-zoom-25x","status":"publish","type":"product","link":"https:\/\/tecnosystemec.com\/?product=camara-ptz-1080p-2mpx-ptz-t4225i-d-zoom-25x","title":{"rendered":"C\u00e1mara Ptz 1080P 2MPX PTZ-T4225I-D ZOOM 25X"},"content":{"rendered":"<h1 class=\"product_title entry-title\">C\u00e1mara Ptz 1080P PTZ-T4225I-D<\/h1>\n<div class=\"woocommerce-product-details__short-description\">\n<ul>\n<li class=\" product_description_item\">C\u00e1mara de cuatro pulgadas y 2 MP con capacidad de panor\u00e1mica, inclinaci\u00f3n y zoom (25x)<\/li>\n<li class=\" product_description_item\">Im\u00e1genes claras contra la luz de fondo fuerte gracias a la tecnolog\u00eda WDR real de 120 dB<\/li>\n<li class=\" product_description_item\">Excelente rendimiento nocturno con IR mejorado de hasta 100 m<\/li>\n<li class=\" product_description_item\">Resistente al agua y al polvo (IP66)<\/li>\n<li class=\" product_description_item\">4 en 1 (4 se\u00f1ales conmutables TVI\/AHD\/CVI\/CVBS)<\/li>\n<\/ul>\n<\/div>\n","protected":false},"excerpt":{"rendered":"<ul>\n<li class=\" product_description_item\">C\u00e1mara de cuatro pulgadas y 2 MP con capacidad de panor\u00e1mica, inclinaci\u00f3n y zoom (25x)<\/li>\n<li class=\" product_description_item\">Im\u00e1genes claras contra la luz de fondo fuerte gracias a la tecnolog\u00eda WDR real de 120 dB<\/li>\n<li class=\" product_description_item\">Excelente rendimiento nocturno con IR mejorado de hasta 100 m<\/li>\n<li class=\" product_description_item\">Resistente al agua y al polvo (IP66)<\/li>\n<li class=\" product_description_item\">4 en 1 (4 se\u00f1ales conmutables TVI\/AHD\/CVI\/CVBS)<\/li>\n<li>Rotaci\u00f3n 360 grados<\/li>\n<\/ul>\n","protected":false},"featured_media":5895,"comment_status":"open","ping_status":"closed","template":"","meta":{"site-sidebar-layout":"default","site-content-layout":"default","ast-global-header-display":"","ast-main-header-display":"","ast-hfb-above-header-display":"","ast-hfb-below-header-display":"","ast-hfb-mobile-header-display":"","site-post-title":"","ast-breadcrumbs-content":"","ast-featured-img":"","footer-sml-layout":"","theme-transparent-header-meta":"default","adv-header-id-meta":"","stick-header-meta":"","header-above-stick-meta":"","header-main-stick-meta":"","header-below-stick-meta":""},"product_cat":[36],"product_tag":[],"class_list":{"0":"post-5897","1":"product","2":"type-product","3":"status-publish","4":"has-post-thumbnail","6":"product_cat-camaras-alarmas","7":"desktop-align-center","8":"tablet-align-center","9":"mobile-align-center","11":"first","12":"instock","13":"shipping-taxable","14":"purchasable","15":"product-type-simple"},"aioseo_notices":[],"_links":{"self":[{"href":"https:\/\/tecnosystemec.com\/index.php?rest_route=\/wp\/v2\/product\/5897"}],"collection":[{"href":"https:\/\/tecnosystemec.com\/index.php?rest_route=\/wp\/v2\/product"}],"about":[{"href":"https:\/\/tecnosystemec.com\/index.php?rest_route=\/wp\/v2\/types\/product"}],"replies":[{"embeddable":true,"href":"https:\/\/tecnosystemec.com\/index.php?rest_route=%2Fwp%2Fv2%2Fcomments&post=5897"}],"version-history":[{"count":1,"href":"https:\/\/tecnosystemec.com\/index.php?rest_route=\/wp\/v2\/product\/5897\/revisions"}],"predecessor-version":[{"id":5898,"href":"https:\/\/tecnosystemec.com\/index.php?rest_route=\/wp\/v2\/product\/5897\/revisions\/5898"}],"wp:featuredmedia":[{"embeddable":true,"href":"https:\/\/tecnosystemec.com\/index.php?rest_route=\/wp\/v2\/media\/5895"}],"wp:attachment":[{"href":"https:\/\/tecnosystemec.com\/index.php?rest_route=%2Fwp%2Fv2%2Fmedia&parent=5897"}],"wp:term":[{"taxonomy":"product_cat","embeddable":true,"href":"https:\/\/tecnosystemec.com\/index.php?rest_route=%2Fwp%2Fv2%2Fproduct_cat&post=5897"},{"taxonomy":"product_tag","embeddable":true,"href":"https:\/\/tecnosystemec.com\/index.php?rest_route=%2Fwp%2Fv2%2Fproduct_tag&post=5897"}],"curies":[{"name":"wp","href":"https:\/\/api.w.org\/{rel}","templated":true}]}}