{"id":5899,"date":"2023-09-12T19:15:26","date_gmt":"2023-09-12T19:15:26","guid":{"rendered":"https:\/\/tecnosystemec.com\/?post_type=product&#038;p=5899"},"modified":"2023-09-12T19:29:43","modified_gmt":"2023-09-12T19:29:43","slug":"5899","status":"publish","type":"product","link":"https:\/\/tecnosystemec.com\/?product=5899","title":{"rendered":"CAMARA PTZ HIKLOOK 2MPX 25X IR 150M"},"content":{"rendered":"<ul>\n<li>Sensor de imagen: CMOS de escaneo progresivo de 1 \/ 2.8&#8242;<\/li>\n<li>P\u00edxeles efectivos: 1920 (H) x1080 (V)<\/li>\n<li>Sistema de se\u00f1al: PAL \/ NTSC<\/li>\n<li>Iluminaci\u00f3n m\u00ednima: Color: 0.005 Lux @ (F1.6, AGC ON), B\/N: 0.001 Lux @ (F1.6, AGC ON), 0 Lux con IR<\/li>\n<li>Balance de blancos: Auto \/ Manual \/ ATW \/ Interior \/ Exterior \/ L\u00e1mpara de luz diurna \/ L\u00e1mpara de sodio<\/li>\n<li>AGC: Manual de auto<\/li>\n<li>WDR: DWDR<\/li>\n<li>Tiempo de obturaci\u00f3n: PAL: 1\/1 sa 1 \/ 10,000 s, NTSC: 1\/1 sa 1 \/ 10,000 s<\/li>\n<li>D\u00eda y noche: ICR<\/li>\n<li>Zoom digital: 16x<\/li>\n<li>Enmascaramiento de privacidad: 8 m\u00e1scaras de privacidad programables<\/li>\n<li>Enfoque autom\u00e1tico: Auto \/ semiautom\u00e1tico \/ manual<\/li>\n<li>Distancia IR: 150m<\/li>\n<li>\u00c1ngulo de irradiaci\u00f3n IR: Ajustable por zoom<\/li>\n<\/ul>\n<p><strong>Lente<\/strong><\/p>\n<ul>\n<li>Longitud focal: 4.8 a 120 mm, Zoom \u00f3ptico 25x<\/li>\n<li>Velocidad de zoom : Aprox. 3.2 s (lente \u00f3ptica, teleobjetivo)<\/li>\n<li>Punto de vista: 57.6\u00b0 a 2.5\u00b0 (ancho a teleobjetivo)<\/li>\n<li>Distancia m\u00ednima de trabajo: 10 a 1500 mm (gran angular)<\/li>\n<li>Rango de apertura: F1.6 a F3.5<\/li>\n<\/ul>\n<p><strong>Pan Tilt<\/strong><\/p>\n<ul>\n<li>Rango Pan: 360\u00b0 continuo<\/li>\n<li>Velocidad de giro: Configurable, de 0.1 &#8211; 120 \u00b0\/s<\/li>\n<li>Velocidad preestablecida: 120 \u00b0\/s<\/li>\n<li>Rango de inclinaci\u00f3n: -15\u00b0 -90\u00b0 (Volteo autom\u00e1tico)<\/li>\n<li>Velocidad de inclinaci\u00f3n: Configurable, de 0.1 &#8211; 80 \u00b0\/s<\/li>\n<li>Velocidad preestablecida: 80 \u00b0\/s<\/li>\n<li>Zoom proporcional: La velocidad de rotaci\u00f3n se puede ajustar autom\u00e1ticamente seg\u00fan los m\u00faltiplos de zoom<\/li>\n<li>N\u00famero de preajustes: 300<\/li>\n<li>Patrulla: 10 patrullas, hasta 32 preajustes por patrulla<\/li>\n<li>Modelo: 5 patrones, con un tiempo de grabaci\u00f3n total no inferior a 10 minutos<\/li>\n<li>Recuperaci\u00f3n de p\u00e9rdida de potencia: Apoyo<\/li>\n<li>Acci\u00f3n del parque: Preset \/ Patrol \/ Pattern \/ Pan scan \/ Tilt scan \/ Random scan \/ Frame scan \/ Panorama scan<\/li>\n<li>Pantalla de posici\u00f3n PTZ: Encendido Apagado<\/li>\n<li>Congelar fotograma: Soportado<\/li>\n<\/ul>\n<p><strong>Input &amp; Output<\/strong><\/p>\n<ul>\n<li>Salida Turbo HD: 1 salida turbo 1080p \/ 1 salida CVBS, (compuesto NTSC o PAL, BNC)<\/li>\n<li>Funci\u00f3n UTC: Protocolo UTC (o protocolo HIKVISION-C en DVR anterior)<\/li>\n<\/ul>\n<p><strong>General<\/strong><\/p>\n<ul>\n<li>Protocolos RS-485: HIKVISION, Pelco-P, Pelco-D, autoadaptativo<\/li>\n<li>Idioma del men\u00fa: Ingl\u00e9s<\/li>\n<li>Fuente de alimentaci\u00f3n: 24 V CA<\/li>\n<li>El consumo de energ\u00eda: Max.30 W (IR: 10 W)<\/li>\n<li>Temperatura de trabajo \/ humedad: -30 \u00b0 C a 65 \u00b0 C (-22 \u00b0 F a 149 \u00b0 F)<\/li>\n<li>Nivel de protecci\u00f3n: IP66 est\u00e1ndar (domo para exteriores)<\/li>\n<li>TVS Protecci\u00f3n contra rayos de 4.000 V, protecci\u00f3n contra sobretensiones y protecci\u00f3n contra transitorios de voltaje<\/li>\n<li>Dimensiones: \u00d8 213.4 x 345 mm<\/li>\n<li>Peso 3.3 kg<\/li>\n<\/ul>\n","protected":false},"excerpt":{"rendered":"<p><strong>Caracter\u00edsticas:<\/strong><\/p>\n<p>\u2013 Exterior<strong>\u00a0IP66<\/strong><\/p>\n<p>\u2013\u00a0<strong>CMOS<\/strong>\u00a0de exploraci\u00f3n progresiva de 1\/2,8\u2033<\/p>\n<p>\u2013\u00a0<strong>Resoluci\u00f3n m\u00e1xima:<\/strong>\u00a01920 x 1080 (2MP)<\/p>\n<p>\u2013\u00a0<strong>Rango IR:\u00a0<\/strong>Hasta 150 m de distancia IR<\/p>\n<p>\u2013\u00a0<strong>Zoom \u00f3ptico<\/strong>\u00a0de 25\u00d7,\u00a0<strong>zoom digital<\/strong>\u00a0de 16\u00d7<\/p>\n<p>\u2013\u00a0<strong>WDR<\/strong>\u00a0real de 120 dB<\/p>\n<p>\u2013 Posicionamiento inteligente\u00a0<strong>3D<\/strong><\/p>\n<p>\u2013 Salidas de video\u00a0<strong>TVI\/AHD\/CVI\/CVBS<\/strong><\/p>\n","protected":false},"featured_media":5900,"comment_status":"open","ping_status":"closed","template":"","meta":{"site-sidebar-layout":"default","site-content-layout":"default","ast-global-header-display":"","ast-main-header-display":"","ast-hfb-above-header-display":"","ast-hfb-below-header-display":"","ast-hfb-mobile-header-display":"","site-post-title":"","ast-breadcrumbs-content":"","ast-featured-img":"","footer-sml-layout":"","theme-transparent-header-meta":"default","adv-header-id-meta":"","stick-header-meta":"","header-above-stick-meta":"","header-main-stick-meta":"","header-below-stick-meta":""},"product_cat":[36],"product_tag":[],"class_list":{"0":"post-5899","1":"product","2":"type-product","3":"status-publish","4":"has-post-thumbnail","6":"product_cat-camaras-alarmas","7":"desktop-align-center","8":"tablet-align-center","9":"mobile-align-center","11":"first","12":"instock","13":"shipping-taxable","14":"product-type-simple"},"aioseo_notices":[],"_links":{"self":[{"href":"https:\/\/tecnosystemec.com\/index.php?rest_route=\/wp\/v2\/product\/5899"}],"collection":[{"href":"https:\/\/tecnosystemec.com\/index.php?rest_route=\/wp\/v2\/product"}],"about":[{"href":"https:\/\/tecnosystemec.com\/index.php?rest_route=\/wp\/v2\/types\/product"}],"replies":[{"embeddable":true,"href":"https:\/\/tecnosystemec.com\/index.php?rest_route=%2Fwp%2Fv2%2Fcomments&post=5899"}],"version-history":[{"count":3,"href":"https:\/\/tecnosystemec.com\/index.php?rest_route=\/wp\/v2\/product\/5899\/revisions"}],"predecessor-version":[{"id":5908,"href":"https:\/\/tecnosystemec.com\/index.php?rest_route=\/wp\/v2\/product\/5899\/revisions\/5908"}],"wp:featuredmedia":[{"embeddable":true,"href":"https:\/\/tecnosystemec.com\/index.php?rest_route=\/wp\/v2\/media\/5900"}],"wp:attachment":[{"href":"https:\/\/tecnosystemec.com\/index.php?rest_route=%2Fwp%2Fv2%2Fmedia&parent=5899"}],"wp:term":[{"taxonomy":"product_cat","embeddable":true,"href":"https:\/\/tecnosystemec.com\/index.php?rest_route=%2Fwp%2Fv2%2Fproduct_cat&post=5899"},{"taxonomy":"product_tag","embeddable":true,"href":"https:\/\/tecnosystemec.com\/index.php?rest_route=%2Fwp%2Fv2%2Fproduct_tag&post=5899"}],"curies":[{"name":"wp","href":"https:\/\/api.w.org\/{rel}","templated":true}]}}