{"id":5904,"date":"2023-09-12T19:27:04","date_gmt":"2023-09-12T19:27:04","guid":{"rendered":"https:\/\/tecnosystemec.com\/?post_type=product&#038;p=5904"},"modified":"2023-09-12T19:27:04","modified_gmt":"2023-09-12T19:27:04","slug":"dvr-hikvision-5mpx-acusense-con-ai","status":"publish","type":"product","link":"https:\/\/tecnosystemec.com\/?product=dvr-hikvision-5mpx-acusense-con-ai","title":{"rendered":"DVR HIKVISI\u00d3N 5MPX ACUSENSE CON AI"},"content":{"rendered":"<div class=\"et_pb_module et_pb_wc_title et_pb_wc_title_0_tb_body et_pb_bg_layout_light\">\n<div class=\"et_pb_module_inner\">\n<h6>DVR SERIE\u00a0 iDS-7204HUHI-M1\/S<\/h6>\n<\/div>\n<\/div>\n<div class=\"et_pb_module et_pb_wc_description et_pb_wc_description_0_tb_body et_pb_bg_layout_light  et_pb_text_align_left\">\n<div class=\"et_pb_module_inner\">\n<h6>DVR SERIE 7200 DE 4 CANALES 720p\/1080p\/4MP\/8MP CON TECNOLOG\u00cdA ACUSENSE.<\/h6>\n<ul>\n<li class=\" product_description_item\">4 canales y 1 HDD 1U AcuSense DVR<\/li>\n<li class=\" product_description_item\">Proporcionar informaci\u00f3n detallada con detecci\u00f3n de rostros<\/li>\n<li class=\" product_description_item\">Reducci\u00f3n de falsas alarmas por clasificaci\u00f3n de objetivos humanos y de veh\u00edculos basada en el aprendizaje profundo<\/li>\n<li class=\" product_description_item\">Tecnolog\u00eda de compresi\u00f3n eficiente H.265 pro<\/li>\n<li class=\" product_description_item\">Capacidad de codificaci\u00f3n hasta 8 MP lite a 15 fps, 5 MP a 12 fps<\/li>\n<li class=\" product_description_item\">Entrada de 5 se\u00f1ales adaptativamente (HDTVI \/ AHD \/ CVI \/ CVBS \/ IP)<\/li>\n<\/ul>\n<\/div>\n<\/div>\n","protected":false},"excerpt":{"rendered":"<h6>DVR SERIE 7200 DE 4 CANALES 720p\/1080p\/4MP\/8MP CON TECNOLOG\u00cdA ACUSENSE.<\/h6>\n<ul>\n<li class=\" product_description_item\">4 canales y 1 HDD 1U AcuSense DVR<\/li>\n<li class=\" product_description_item\">Proporcionar informaci\u00f3n detallada con detecci\u00f3n de rostros<\/li>\n<li class=\" product_description_item\">Reducci\u00f3n de falsas alarmas por clasificaci\u00f3n de objetivos humanos y de veh\u00edculos basada en el aprendizaje profundo<\/li>\n<li class=\" product_description_item\">Tecnolog\u00eda de compresi\u00f3n eficiente H.265 pro<\/li>\n<li class=\" product_description_item\">Capacidad de codificaci\u00f3n hasta 8 MP lite a 15 fps, 5 MP a 12 fps<\/li>\n<li class=\" product_description_item\">Entrada de 5 se\u00f1ales adaptativamente (HDTVI \/ AHD \/ CVI \/ CVBS \/ IP)<\/li>\n<\/ul>\n","protected":false},"featured_media":5906,"comment_status":"open","ping_status":"closed","template":"","meta":{"site-sidebar-layout":"default","site-content-layout":"default","ast-global-header-display":"","ast-main-header-display":"","ast-hfb-above-header-display":"","ast-hfb-below-header-display":"","ast-hfb-mobile-header-display":"","site-post-title":"","ast-breadcrumbs-content":"","ast-featured-img":"","footer-sml-layout":"","theme-transparent-header-meta":"default","adv-header-id-meta":"","stick-header-meta":"","header-above-stick-meta":"","header-main-stick-meta":"","header-below-stick-meta":""},"product_cat":[36],"product_tag":[],"class_list":{"0":"post-5904","1":"product","2":"type-product","3":"status-publish","4":"has-post-thumbnail","6":"product_cat-camaras-alarmas","7":"desktop-align-center","8":"tablet-align-center","9":"mobile-align-center","11":"first","12":"instock","13":"shipping-taxable","14":"purchasable","15":"product-type-simple"},"aioseo_notices":[],"_links":{"self":[{"href":"https:\/\/tecnosystemec.com\/index.php?rest_route=\/wp\/v2\/product\/5904"}],"collection":[{"href":"https:\/\/tecnosystemec.com\/index.php?rest_route=\/wp\/v2\/product"}],"about":[{"href":"https:\/\/tecnosystemec.com\/index.php?rest_route=\/wp\/v2\/types\/product"}],"replies":[{"embeddable":true,"href":"https:\/\/tecnosystemec.com\/index.php?rest_route=%2Fwp%2Fv2%2Fcomments&post=5904"}],"version-history":[{"count":1,"href":"https:\/\/tecnosystemec.com\/index.php?rest_route=\/wp\/v2\/product\/5904\/revisions"}],"predecessor-version":[{"id":5907,"href":"https:\/\/tecnosystemec.com\/index.php?rest_route=\/wp\/v2\/product\/5904\/revisions\/5907"}],"wp:featuredmedia":[{"embeddable":true,"href":"https:\/\/tecnosystemec.com\/index.php?rest_route=\/wp\/v2\/media\/5906"}],"wp:attachment":[{"href":"https:\/\/tecnosystemec.com\/index.php?rest_route=%2Fwp%2Fv2%2Fmedia&parent=5904"}],"wp:term":[{"taxonomy":"product_cat","embeddable":true,"href":"https:\/\/tecnosystemec.com\/index.php?rest_route=%2Fwp%2Fv2%2Fproduct_cat&post=5904"},{"taxonomy":"product_tag","embeddable":true,"href":"https:\/\/tecnosystemec.com\/index.php?rest_route=%2Fwp%2Fv2%2Fproduct_tag&post=5904"}],"curies":[{"name":"wp","href":"https:\/\/api.w.org\/{rel}","templated":true}]}}