{"id":5922,"date":"2023-09-12T19:58:45","date_gmt":"2023-09-12T19:58:45","guid":{"rendered":"https:\/\/tecnosystemec.com\/?post_type=product&#038;p=5922"},"modified":"2023-09-12T20:06:12","modified_gmt":"2023-09-12T20:06:12","slug":"interruptor-inteligente-wifi-tuya-3-servicios","status":"publish","type":"product","link":"https:\/\/tecnosystemec.com\/?product=interruptor-inteligente-wifi-tuya-3-servicios","title":{"rendered":"Interruptor Inteligente Wifi Tuya 3 Servicios"},"content":{"rendered":"<p>INTERUPTOR SIMPLE INTELIGENTE WIFI 10A 120VAC COLOR NEGRO S\/NEUTRO DEXEL LITE<\/p>\n<p>Este interruptor smart WiFi te permite endender\/apagar 1 circuito ya sea de manera convencional o a trav\u00e9s de la app Home Smart. Tambi\u00e9n es compatible con Alexa o Google a trav\u00e9s del skill Tuya o Siri. Su panel es touch de vidrio templado y retroiluminado. Podr\u00e1s crear y programar escenas de encido y apagado seg\u00fan tus necesidades. No requiere cable neutro.<\/p>\n<p>Color principal:\u00a0<b>Negro \/ Blanco<\/b><br \/>\nColecci\u00f3n: <b>Plug&amp;Play<\/b><br \/>\nMedidas (Longitud x Profundidad x Altura):\u00a0<b>12 x 7.4 x 3.7 cm<\/b><\/p>\n","protected":false},"excerpt":{"rendered":"<p>INTERUPTOR SIMPLE INTELIGENTE WIFI 10A 120VAC COLOR NEGRO S\/NEUTRO DEXEL LITE<\/p>\n<p>Este interruptor smart WiFi te permite endender\/apagar 1 circuito ya sea de manera convencional o a trav\u00e9s de la app Home Smart. Tambi\u00e9n es compatible con Alexa o Google a trav\u00e9s del skill Tuya o Siri. Su panel es touch de vidrio templado y retroiluminado. Podr\u00e1s crear y programar escenas de encido y apagado seg\u00fan tus necesidades. No requiere cable neutro.<\/p>\n<p>Color principal:\u00a0<b>Negro \/ Blanco<\/b><br \/>\nColecci\u00f3n: <b>Plug&amp;Play<\/b><br \/>\nMedidas (Longitud x Profundidad x Altura):\u00a0<b>12 x 7.4 x 3.7 cm<\/b><\/p>\n","protected":false},"featured_media":5920,"comment_status":"open","ping_status":"closed","template":"","meta":{"site-sidebar-layout":"default","site-content-layout":"default","ast-global-header-display":"","ast-main-header-display":"","ast-hfb-above-header-display":"","ast-hfb-below-header-display":"","ast-hfb-mobile-header-display":"","site-post-title":"","ast-breadcrumbs-content":"","ast-featured-img":"","footer-sml-layout":"","theme-transparent-header-meta":"default","adv-header-id-meta":"","stick-header-meta":"","header-above-stick-meta":"","header-main-stick-meta":"","header-below-stick-meta":""},"product_cat":[25],"product_tag":[],"class_list":{"0":"post-5922","1":"product","2":"type-product","3":"status-publish","4":"has-post-thumbnail","6":"product_cat-domotica","7":"desktop-align-center","8":"tablet-align-center","9":"mobile-align-center","11":"first","12":"instock","13":"shipping-taxable","14":"purchasable","15":"product-type-simple"},"aioseo_notices":[],"_links":{"self":[{"href":"https:\/\/tecnosystemec.com\/index.php?rest_route=\/wp\/v2\/product\/5922"}],"collection":[{"href":"https:\/\/tecnosystemec.com\/index.php?rest_route=\/wp\/v2\/product"}],"about":[{"href":"https:\/\/tecnosystemec.com\/index.php?rest_route=\/wp\/v2\/types\/product"}],"replies":[{"embeddable":true,"href":"https:\/\/tecnosystemec.com\/index.php?rest_route=%2Fwp%2Fv2%2Fcomments&post=5922"}],"version-history":[{"count":2,"href":"https:\/\/tecnosystemec.com\/index.php?rest_route=\/wp\/v2\/product\/5922\/revisions"}],"predecessor-version":[{"id":5927,"href":"https:\/\/tecnosystemec.com\/index.php?rest_route=\/wp\/v2\/product\/5922\/revisions\/5927"}],"wp:featuredmedia":[{"embeddable":true,"href":"https:\/\/tecnosystemec.com\/index.php?rest_route=\/wp\/v2\/media\/5920"}],"wp:attachment":[{"href":"https:\/\/tecnosystemec.com\/index.php?rest_route=%2Fwp%2Fv2%2Fmedia&parent=5922"}],"wp:term":[{"taxonomy":"product_cat","embeddable":true,"href":"https:\/\/tecnosystemec.com\/index.php?rest_route=%2Fwp%2Fv2%2Fproduct_cat&post=5922"},{"taxonomy":"product_tag","embeddable":true,"href":"https:\/\/tecnosystemec.com\/index.php?rest_route=%2Fwp%2Fv2%2Fproduct_tag&post=5922"}],"curies":[{"name":"wp","href":"https:\/\/api.w.org\/{rel}","templated":true}]}}