{"id":5929,"date":"2023-09-12T20:15:24","date_gmt":"2023-09-12T20:15:24","guid":{"rendered":"https:\/\/tecnosystemec.com\/?post_type=product&#038;p=5929"},"modified":"2023-09-12T20:15:24","modified_gmt":"2023-09-12T20:15:24","slug":"tomacorriente-inteligente-wifi-tuya","status":"publish","type":"product","link":"https:\/\/tecnosystemec.com\/?product=tomacorriente-inteligente-wifi-tuya","title":{"rendered":"Tomacorriente Inteligente wifi tuya"},"content":{"rendered":"<p>TOMACORRIENTE INTELIGENTE WIFI TUYA SMART 2 TOMAS 110V + 1 USB 5V 2A<\/p>\n<ul>\n<li>\u00a0Tipo de producto: Socket inteligente 2.4G WiFi<\/li>\n<li>\u00a0Est\u00e1ndar del enchufe: enchufe de los EEUU<\/li>\n<li>\u00a0Cargador USB (Protecci\u00f3n de carga de soporte): Puerto de salida USB 2.0 (5V \/ 2A) Material: ABS + PC + V0 Materiales ign\u00edfugos originales<\/li>\n<li>\u00a0Est\u00e1ndares IEEE de WiFi: 2.4G WiFi 802.11b \/ g \/ n. (No es compatible con la red WiFi 5G).<\/li>\n<li>\u00a0Frecuencia nominal 50H \/ 60Hz<\/li>\n<li>\u00a0Rango de voltaje 90-250V AC<\/li>\n<li>\u00a0Corriente m\u00e1xima 16A<\/li>\n<li>\u00a0Tipo de cifrado: WEP \/ TKIP \/ AES<\/li>\n<li>\u00a0Mecanismo de seguridad: WAP \/ WAP2<\/li>\n<li>\u00a0Consumo inal\u00e1mbrico \u22640.3W<\/li>\n<li>\u00a0Sistema operativo compatible: Android 4.4 o superior, iOS 8.0 o superior<\/li>\n<li>\u00a0Condiciones de trabajo Temp: -20 ~ 60 \u2103<\/li>\n<li>\u00a0Humedad: \u226480%<\/li>\n<li>\u00a0Color del art\u00edculo: blanco<\/li>\n<li>\u00a0Tama\u00f1o del art\u00edculo principal: 11.9 * 7.4 * 4.5 cm \/ 4.7 * 2.9 * 1.8 pulgadas (L * W * H)<\/li>\n<li>\u00a0Peso del art\u00edculo principal: 127g \/ 4.4oz<\/li>\n<li>\u00a0Tama\u00f1o del paquete: 13.0 * 8.0 * 5.0cm \/ 5.11 * 3.14 * 1.96inch<\/li>\n<li>\u00a0Peso del paquete: 196g \/ 6.9inch<\/li>\n<\/ul>\n<p>&nbsp;<\/p>\n","protected":false},"excerpt":{"rendered":"<ul>\n<li>\u00a0Tipo de producto: Socket inteligente 2.4G WiFi<\/li>\n<li>\u00a0Est\u00e1ndar del enchufe: enchufe de los EEUU<\/li>\n<li>\u00a0Cargador USB (Protecci\u00f3n de carga de soporte): Puerto de salida USB 2.0 (5V \/ 2A) Material: ABS + PC + V0 Materiales ign\u00edfugos originales<\/li>\n<li>aracter\u00edstica:\n<ul>\n<li>\u00a0Control de voz con Alexa y Google Home<br \/>\nLa salida inteligente funciona perfecto con Alexa \/ Google Home. Puedes gestionar tus dispositivos con tu voz. Asigne un nombre a cada punto de venta y util\u00edcelo al realizar comandos de voz. Tambi\u00e9n puede crear un grupo para sus dispositivos inteligentes y controlarlos todos con un solo comando.<\/li>\n<li>\u00a0Protecci\u00f3n completa para el hogar<br \/>\nLa salida inteligente funciona para usted cuando est\u00e1 fuera de la ciudad. Conectar una l\u00e1mpara a su enchufe inteligente puede proporcionar beneficios de seguridad para el hogar. Config\u00farelo en Modo Ausente, y la salida inteligente encender\u00e1 y apagar\u00e1 autom\u00e1ticamente la luz para dar la apariencia de que alguien est\u00e1 en casa.<\/li>\n<\/ul>\n<\/li>\n<\/ul>\n","protected":false},"featured_media":5930,"comment_status":"open","ping_status":"closed","template":"","meta":{"site-sidebar-layout":"default","site-content-layout":"default","ast-global-header-display":"","ast-main-header-display":"","ast-hfb-above-header-display":"","ast-hfb-below-header-display":"","ast-hfb-mobile-header-display":"","site-post-title":"","ast-breadcrumbs-content":"","ast-featured-img":"","footer-sml-layout":"","theme-transparent-header-meta":"default","adv-header-id-meta":"","stick-header-meta":"","header-above-stick-meta":"","header-main-stick-meta":"","header-below-stick-meta":""},"product_cat":[25],"product_tag":[],"class_list":{"0":"post-5929","1":"product","2":"type-product","3":"status-publish","4":"has-post-thumbnail","6":"product_cat-domotica","7":"desktop-align-center","8":"tablet-align-center","9":"mobile-align-center","11":"first","12":"instock","13":"shipping-taxable","14":"purchasable","15":"product-type-simple"},"aioseo_notices":[],"_links":{"self":[{"href":"https:\/\/tecnosystemec.com\/index.php?rest_route=\/wp\/v2\/product\/5929"}],"collection":[{"href":"https:\/\/tecnosystemec.com\/index.php?rest_route=\/wp\/v2\/product"}],"about":[{"href":"https:\/\/tecnosystemec.com\/index.php?rest_route=\/wp\/v2\/types\/product"}],"replies":[{"embeddable":true,"href":"https:\/\/tecnosystemec.com\/index.php?rest_route=%2Fwp%2Fv2%2Fcomments&post=5929"}],"version-history":[{"count":1,"href":"https:\/\/tecnosystemec.com\/index.php?rest_route=\/wp\/v2\/product\/5929\/revisions"}],"predecessor-version":[{"id":5932,"href":"https:\/\/tecnosystemec.com\/index.php?rest_route=\/wp\/v2\/product\/5929\/revisions\/5932"}],"wp:featuredmedia":[{"embeddable":true,"href":"https:\/\/tecnosystemec.com\/index.php?rest_route=\/wp\/v2\/media\/5930"}],"wp:attachment":[{"href":"https:\/\/tecnosystemec.com\/index.php?rest_route=%2Fwp%2Fv2%2Fmedia&parent=5929"}],"wp:term":[{"taxonomy":"product_cat","embeddable":true,"href":"https:\/\/tecnosystemec.com\/index.php?rest_route=%2Fwp%2Fv2%2Fproduct_cat&post=5929"},{"taxonomy":"product_tag","embeddable":true,"href":"https:\/\/tecnosystemec.com\/index.php?rest_route=%2Fwp%2Fv2%2Fproduct_tag&post=5929"}],"curies":[{"name":"wp","href":"https:\/\/api.w.org\/{rel}","templated":true}]}}