{"id":5933,"date":"2023-09-14T01:53:04","date_gmt":"2023-09-14T01:53:04","guid":{"rendered":"https:\/\/tecnosystemec.com\/?post_type=product&#038;p=5933"},"modified":"2023-09-14T01:53:04","modified_gmt":"2023-09-14T01:53:04","slug":"hb8-pantilt-exterior-2k-a-bateria-ezviz-l-4mm","status":"publish","type":"product","link":"https:\/\/tecnosystemec.com\/?product=hb8-pantilt-exterior-2k-a-bateria-ezviz-l-4mm","title":{"rendered":"HB8 Pantilt Exterior 2k A Bateria Ezviz L 4mm"},"content":{"rendered":"<div class=\"col-sm-4\">\n<h1><strong>HB8 EZVIZ WIFI BATERIA<\/strong><\/h1>\n<div><\/div>\n<div>\n<p><strong>Caracter\u00edsticas principales HB8 EZVIZ WIFI BATERIA<\/strong><\/p>\n<ul>\n<li>Resoluci\u00f3n: 2K (2560 \u00d7 1440)<\/li>\n<li>Cobertura panor\u00e1mica 360\u00b0<\/li>\n<li>Lente: 4 mm<\/li>\n<li>Movimiento panoramico 340\u00b0, inclinacion: 65\u00b0<\/li>\n<li>Angulo de vision 83\u00b0 Horizontal, 100\u00b0 diagonal<\/li>\n<li>Micr\u00f3fono y bocina interconstruida (100 dB). (audio de dos v\u00edas).<\/li>\n<li>Vision nocturna hasta 15m<\/li>\n<li>WDR \/ 3D-DNR.<\/li>\n<li>Almacenamiento interno eMMC de 32GB<strong>\u00a0No soporta microSD<\/strong><\/li>\n<li>Wi-Fi 2.4GHz<\/li>\n<li>Detecci\u00f3n humana<\/li>\n<li>Deteccion de vehiculo<\/li>\n<li><strong>Preset: hasta 12 posicionamientos (Llamar el preset manualmente)<\/strong><\/li>\n<\/ul>\n<\/div>\n<\/div>\n<div class=\"col-sm-4\">\n<div>\n<p><strong>Caracter\u00edsticas F\u00edsicas y El\u00e9ctricas:<\/strong><\/p>\n<ul>\n<li>Alimentaci\u00f3n: 5 Vcc, 2A,\u00a0 Fuente incluida.<\/li>\n<li>Bater\u00eda\u00a0<strong>10400 mAh<\/strong><\/li>\n<li>Material: Policarbonato<\/li>\n<li>Dimensiones: 183 x 116 x 166 mm<\/li>\n<li>Peso: 803g<\/li>\n<li>Temperatura de operaci\u00f3n: \u221220 \u00b0C a 50 \u00b0C y humedad del 95 % o inferior<\/li>\n<li><strong>1 A\u00f1o de garant\u00eda.<\/strong><\/li>\n<\/ul>\n<\/div>\n<\/div>\n","protected":false},"excerpt":{"rendered":"<p><strong>Caracter\u00edsticas principales HB8 EZVIZ WIFI BATERIA<\/strong><\/p>\n<ul>\n<li>Resoluci\u00f3n: 2K (2560 \u00d7 1440)<\/li>\n<li>Cobertura panor\u00e1mica 360\u00b0<\/li>\n<li>Lente: 4 mm<\/li>\n<li>Movimiento panoramico 340\u00b0, inclinacion: 65\u00b0<\/li>\n<li>Angulo de vision 83\u00b0 Horizontal, 100\u00b0 diagonal<\/li>\n<li>Micr\u00f3fono y bocina interconstruida (100 dB). (audio de dos v\u00edas).<\/li>\n<li>Vision nocturna hasta 15m<\/li>\n<\/ul>\n","protected":false},"featured_media":5935,"comment_status":"open","ping_status":"closed","template":"","meta":{"site-sidebar-layout":"default","site-content-layout":"default","ast-global-header-display":"","ast-main-header-display":"","ast-hfb-above-header-display":"","ast-hfb-below-header-display":"","ast-hfb-mobile-header-display":"","site-post-title":"","ast-breadcrumbs-content":"","ast-featured-img":"","footer-sml-layout":"","theme-transparent-header-meta":"default","adv-header-id-meta":"","stick-header-meta":"","header-above-stick-meta":"","header-main-stick-meta":"","header-below-stick-meta":""},"product_cat":[36],"product_tag":[],"class_list":{"0":"post-5933","1":"product","2":"type-product","3":"status-publish","4":"has-post-thumbnail","6":"product_cat-camaras-alarmas","7":"desktop-align-center","8":"tablet-align-center","9":"mobile-align-center","11":"first","12":"instock","13":"shipping-taxable","14":"purchasable","15":"product-type-simple"},"aioseo_notices":[],"_links":{"self":[{"href":"https:\/\/tecnosystemec.com\/index.php?rest_route=\/wp\/v2\/product\/5933"}],"collection":[{"href":"https:\/\/tecnosystemec.com\/index.php?rest_route=\/wp\/v2\/product"}],"about":[{"href":"https:\/\/tecnosystemec.com\/index.php?rest_route=\/wp\/v2\/types\/product"}],"replies":[{"embeddable":true,"href":"https:\/\/tecnosystemec.com\/index.php?rest_route=%2Fwp%2Fv2%2Fcomments&post=5933"}],"version-history":[{"count":1,"href":"https:\/\/tecnosystemec.com\/index.php?rest_route=\/wp\/v2\/product\/5933\/revisions"}],"predecessor-version":[{"id":5937,"href":"https:\/\/tecnosystemec.com\/index.php?rest_route=\/wp\/v2\/product\/5933\/revisions\/5937"}],"wp:featuredmedia":[{"embeddable":true,"href":"https:\/\/tecnosystemec.com\/index.php?rest_route=\/wp\/v2\/media\/5935"}],"wp:attachment":[{"href":"https:\/\/tecnosystemec.com\/index.php?rest_route=%2Fwp%2Fv2%2Fmedia&parent=5933"}],"wp:term":[{"taxonomy":"product_cat","embeddable":true,"href":"https:\/\/tecnosystemec.com\/index.php?rest_route=%2Fwp%2Fv2%2Fproduct_cat&post=5933"},{"taxonomy":"product_tag","embeddable":true,"href":"https:\/\/tecnosystemec.com\/index.php?rest_route=%2Fwp%2Fv2%2Fproduct_tag&post=5933"}],"curies":[{"name":"wp","href":"https:\/\/api.w.org\/{rel}","templated":true}]}}