{"id":5956,"date":"2023-10-31T16:50:04","date_gmt":"2023-10-31T16:50:04","guid":{"rendered":"https:\/\/tecnosystemec.com\/?post_type=product&#038;p=5956"},"modified":"2023-10-31T16:50:04","modified_gmt":"2023-10-31T16:50:04","slug":"cerradura-inteligente-wifi-camara","status":"publish","type":"product","link":"https:\/\/tecnosystemec.com\/?product=cerradura-inteligente-wifi-camara","title":{"rendered":"Cerradura Inteligente WIFI C\u00e1mara"},"content":{"rendered":"<h6 class=\"product_title entry-title\">Cerradura Inteligente WIFI C\u00e1mara \/ Reconocimiento Facial PST-H20-P<\/h6>\n<p><strong>Funciones y caracter\u00edsticas<\/strong>\u00a0:<\/p>\n<ul>\n<li>Acceso a trav\u00e9s de la aplicaci\u00f3n Tuya, tarjeta, huella digital, c\u00f3digo de acceso, clave<\/li>\n<li>Compatible con cerradura 6068 (incluida)<\/li>\n<li>puede adaptarse a la mayor\u00eda de las puertas de metal de madera.<\/li>\n<li>Sensor biom\u00e9trico de huella dactilar One Touch Access en el lector.<\/li>\n<li>Panel de bloque de aleaci\u00f3n de aluminio fuerte y seguro, anticorrosi\u00f3n y estudio.<\/li>\n<li>Interfaz de alimentaci\u00f3n externa USB de respaldo, en caso de que se corte la alimentaci\u00f3n.<\/li>\n<li>Bloquee la supervisi\u00f3n del estado y conecte otros dispositivos en la aplicaci\u00f3n. Reconoce a cada persona y guarda el historial de inicio de sesi\u00f3n en el tel\u00e9fono.<\/li>\n<li>Posibilidad de agregar\/eliminar una contrase\u00f1a remota adecuada para el alquiler de casas de familia.<\/li>\n<li>Funcionamiento aut\u00f3nomo sin hub central.<\/li>\n<li>Puede configurar el contexto despu\u00e9s de abrir con la huella digital de alguien, luego encender la luz en la puerta, encender la habitaci\u00f3n privada de esa persona o cuando salga por la puerta, use una tarjeta magn\u00e9tica para apagar r\u00e1pidamente los dispositivos.<\/li>\n<li>Sensor de huellas digitales sensible, teclado num\u00e9rico sensible al tacto con retroiluminaci\u00f3n LED, alerta de voz cuando la bater\u00eda est\u00e1 baja o se ha ingresado una contrase\u00f1a incorrecta.<\/li>\n<li>Comparta f\u00e1cilmente la clave para que la usen muchos miembros de la familia o clientes.<\/li>\n<\/ul>\n","protected":false},"excerpt":{"rendered":"<p><strong>Funciones y caracter\u00edsticas<\/strong>\u00a0:<\/p>\n<ul>\n<li>Acceso a trav\u00e9s de la aplicaci\u00f3n Tuya, tarjeta, huella digital, c\u00f3digo de acceso, clave<\/li>\n<li>Compatible con cerradura 6068 (incluida)<\/li>\n<li>puede adaptarse a la mayor\u00eda de las puertas de metal de madera.<\/li>\n<li>Sensor biom\u00e9trico de huella dactilar One Touch Access en el lector.<\/li>\n<li>Panel de bloque de aleaci\u00f3n de aluminio fuerte y seguro, anticorrosi\u00f3n y estudio.<\/li>\n<li>Interfaz de alimentaci\u00f3n externa USB de respaldo, en caso de que se corte la alimentaci\u00f3n.<\/li>\n<li>Bloquee la supervisi\u00f3n del estado y conecte otros dispositivos en la aplicaci\u00f3n. Reconoce a cada persona y guarda el historial de inicio de sesi\u00f3n en el tel\u00e9fono.<\/li>\n<li>Posibilidad de agregar\/eliminar una contrase\u00f1a remota adecuada para el alquiler de casas de familia.<\/li>\n<li>Funcionamiento aut\u00f3nomo sin hub central.<\/li>\n<li>Puede configurar el contexto despu\u00e9s de abrir con la huella digital de alguien, luego encender la luz en la puerta, encender la habitaci\u00f3n privada de esa persona o cuando salga por la puerta, use una tarjeta magn\u00e9tica para apagar r\u00e1pidamente los dispositivos.<\/li>\n<li>Sensor de huellas digitales sensible, teclado num\u00e9rico sensible al tacto con retroiluminaci\u00f3n LED, alerta de voz cuando la bater\u00eda est\u00e1 baja o se ha ingresado una contrase\u00f1a incorrecta.<\/li>\n<li>Comparta f\u00e1cilmente la clave para que la usen muchos miembros de la familia o clientes.<\/li>\n<\/ul>\n","protected":false},"featured_media":5958,"comment_status":"open","ping_status":"closed","template":"","meta":{"site-sidebar-layout":"default","site-content-layout":"default","ast-global-header-display":"","ast-main-header-display":"","ast-hfb-above-header-display":"","ast-hfb-below-header-display":"","ast-hfb-mobile-header-display":"","site-post-title":"","ast-breadcrumbs-content":"","ast-featured-img":"","footer-sml-layout":"","theme-transparent-header-meta":"default","adv-header-id-meta":"","stick-header-meta":"","header-above-stick-meta":"","header-main-stick-meta":"","header-below-stick-meta":""},"product_cat":[25],"product_tag":[],"class_list":{"0":"post-5956","1":"product","2":"type-product","3":"status-publish","4":"has-post-thumbnail","6":"product_cat-domotica","7":"desktop-align-center","8":"tablet-align-center","9":"mobile-align-center","11":"first","12":"instock","13":"shipping-taxable","14":"purchasable","15":"product-type-simple"},"aioseo_notices":[],"_links":{"self":[{"href":"https:\/\/tecnosystemec.com\/index.php?rest_route=\/wp\/v2\/product\/5956"}],"collection":[{"href":"https:\/\/tecnosystemec.com\/index.php?rest_route=\/wp\/v2\/product"}],"about":[{"href":"https:\/\/tecnosystemec.com\/index.php?rest_route=\/wp\/v2\/types\/product"}],"replies":[{"embeddable":true,"href":"https:\/\/tecnosystemec.com\/index.php?rest_route=%2Fwp%2Fv2%2Fcomments&post=5956"}],"version-history":[{"count":1,"href":"https:\/\/tecnosystemec.com\/index.php?rest_route=\/wp\/v2\/product\/5956\/revisions"}],"predecessor-version":[{"id":5960,"href":"https:\/\/tecnosystemec.com\/index.php?rest_route=\/wp\/v2\/product\/5956\/revisions\/5960"}],"wp:featuredmedia":[{"embeddable":true,"href":"https:\/\/tecnosystemec.com\/index.php?rest_route=\/wp\/v2\/media\/5958"}],"wp:attachment":[{"href":"https:\/\/tecnosystemec.com\/index.php?rest_route=%2Fwp%2Fv2%2Fmedia&parent=5956"}],"wp:term":[{"taxonomy":"product_cat","embeddable":true,"href":"https:\/\/tecnosystemec.com\/index.php?rest_route=%2Fwp%2Fv2%2Fproduct_cat&post=5956"},{"taxonomy":"product_tag","embeddable":true,"href":"https:\/\/tecnosystemec.com\/index.php?rest_route=%2Fwp%2Fv2%2Fproduct_tag&post=5956"}],"curies":[{"name":"wp","href":"https:\/\/api.w.org\/{rel}","templated":true}]}}